
{"id":2962,"date":"2025-09-03T23:59:53","date_gmt":"2025-09-03T23:59:53","guid":{"rendered":"https:\/\/ztory.mx\/?page_id=2962"},"modified":"2025-09-04T00:00:22","modified_gmt":"2025-09-04T00:00:22","slug":"quienes-somos","status":"publish","type":"page","link":"https:\/\/ztory.mx\/index.php\/quienes-somos\/","title":{"rendered":"\u00bfQUI\u00c9NES SOMOS?"},"content":{"rendered":"\n<p>En Ztory.mx creemos que no todo es blanco o negro. Aqu\u00ed encuentras informaci\u00f3n clara, debates abiertos y an\u00e1lisis sin extremos.<br><strong>Formamos parte de Medios Digitales Nacionales<\/strong>, una red que promueve el di\u00e1logo informado entre generaciones.<\/p>\n\n\n\n<figure class=\"wp-block-image size-full\"><img fetchpriority=\"high\" width=\"500\" height=\"500\" data-src=\"https:\/\/ztory.mx\/wp-content\/uploads\/2025\/09\/ztory-1.png\" alt=\"\" class=\"wp-image-2964\" srcset=\"https:\/\/ztory.mx\/wp-content\/uploads\/2025\/09\/ztory-1.png 500w, https:\/\/ztory.mx\/wp-content\/uploads\/2025\/09\/ztory-1-300x300.png 300w, https:\/\/ztory.mx\/wp-content\/uploads\/2025\/09\/ztory-1-150x150.png 150w\" sizes=\"(max-width: 500px) 100vw, 500px\" \/><\/figure>\n","protected":false},"excerpt":{"rendered":"<p>En Ztory.mx creemos que no todo es blanco o negro. Aqu\u00ed encuentras informaci\u00f3n clara, debates abiertos y an\u00e1lisis sin extremos.Formamos parte de Medios Digitales Nacionales, una red que promueve el di\u00e1logo informado entre generaciones.<\/p>\n","protected":false},"author":1,"featured_media":0,"parent":0,"menu_order":0,"comment_status":"closed","ping_status":"closed","template":"","meta":{"footnotes":""},"class_list":["post-2962","page","type-page","status-publish","hentry"],"_links":{"self":[{"href":"https:\/\/ztory.mx\/index.php\/wp-json\/wp\/v2\/pages\/2962","targetHints":{"allow":["GET"]}}],"collection":[{"href":"https:\/\/ztory.mx\/index.php\/wp-json\/wp\/v2\/pages"}],"about":[{"href":"https:\/\/ztory.mx\/index.php\/wp-json\/wp\/v2\/types\/page"}],"author":[{"embeddable":true,"href":"https:\/\/ztory.mx\/index.php\/wp-json\/wp\/v2\/users\/1"}],"replies":[{"embeddable":true,"href":"https:\/\/ztory.mx\/index.php\/wp-json\/wp\/v2\/comments?post=2962"}],"version-history":[{"count":2,"href":"https:\/\/ztory.mx\/index.php\/wp-json\/wp\/v2\/pages\/2962\/revisions"}],"predecessor-version":[{"id":2965,"href":"https:\/\/ztory.mx\/index.php\/wp-json\/wp\/v2\/pages\/2962\/revisions\/2965"}],"wp:attachment":[{"href":"https:\/\/ztory.mx\/index.php\/wp-json\/wp\/v2\/media?parent=2962"}],"curies":[{"name":"wp","href":"https:\/\/api.w.org\/{rel}","templated":true}]}}